{"id":13027,"date":"2026-02-19T20:46:00","date_gmt":"2026-02-19T20:46:00","guid":{"rendered":"https:\/\/eeterijdebeleving.nl\/veranstaltungen\/"},"modified":"2026-04-12T12:10:13","modified_gmt":"2026-04-12T12:10:13","slug":"veranstaltungen","status":"publish","type":"page","link":"https:\/\/eeterijdebeleving.nl\/de\/veranstaltungen\/","title":{"rendered":"Veranstaltungen"},"content":{"rendered":"\t\t<div data-elementor-type=\"wp-page\" data-elementor-id=\"13027\" class=\"elementor elementor-13027 elementor-12492\" data-elementor-post-type=\"page\">\n\t\t\t\t<div class=\"elementor-element elementor-element-07d1bd2 e-flex e-con-boxed e-con e-parent\" data-id=\"07d1bd2\" data-element_type=\"container\" data-e-type=\"container\" data-settings=\"{&quot;background_background&quot;:&quot;classic&quot;}\">\n\t\t\t\t\t<div class=\"e-con-inner\">\n\t\t\t\t<div class=\"elementor-element elementor-element-e120522 elementor-widget elementor-widget-heading\" data-id=\"e120522\" data-element_type=\"widget\" data-e-type=\"widget\" data-widget_type=\"heading.default\">\n\t\t\t\t<div class=\"elementor-widget-container\">\n\t\t\t\t\t<h1 class=\"elementor-heading-title elementor-size-default\">Veranstaltungen &amp; Specials<\/h1>\t\t\t\t<\/div>\n\t\t\t\t<\/div>\n\t\t\t\t<div class=\"elementor-element elementor-element-89e82b0 elementor-widget__width-initial elementor-widget-tablet__width-initial elementor-widget-mobile__width-inherit elementor-widget elementor-widget-text-editor\" data-id=\"89e82b0\" data-element_type=\"widget\" data-e-type=\"widget\" data-widget_type=\"text-editor.default\">\n\t\t\t\t<div class=\"elementor-widget-container\">\n\t\t\t\t\t\t\t\t\t<article class=\"text-token-text-primary w-full focus:outline-none [--shadow-height:45px] has-data-writing-block:pointer-events-none has-data-writing-block:-mt-(--shadow-height) has-data-writing-block:pt-(--shadow-height) [&amp;:has([data-writing-block])&gt;*]:pointer-events-auto scroll-mt-(--header-height)\" dir=\"auto\" tabindex=\"-1\" data-turn-id=\"97c5f666-15a5-44d9-a08c-1f0f429cdb9a\" data-testid=\"conversation-turn-5\" data-scroll-anchor=\"false\" data-turn=\"user\"><div class=\"text-base my-auto mx-auto pt-12 [--thread-content-margin:--spacing(4)] @w-sm\/main:[--thread-content-margin:--spacing(6)] @w-lg\/main:[--thread-content-margin:--spacing(16)] px-(--thread-content-margin)\"><div class=\"[--thread-content-max-width:40rem] @w-lg\/main:[--thread-content-max-width:48rem] mx-auto max-w-(--thread-content-max-width) flex-1 group\/turn-messages focus-visible:outline-hidden relative flex w-full min-w-0 flex-col\" tabindex=\"-1\"><div class=\"flex max-w-full flex-col grow\"><div class=\"min-h-8 text-message relative flex w-full flex-col items-end gap-2 text-start break-words whitespace-normal [.text-message+&amp;]:mt-1\" dir=\"auto\" data-message-author-role=\"user\" data-message-id=\"97c5f666-15a5-44d9-a08c-1f0f429cdb9a\"><div class=\"flex w-full flex-col gap-1 empty:hidden items-end rtl:items-start\"><div class=\"user-message-bubble-color corner-superellipse\/1.1 relative rounded-[18px] px-4 py-1.5 data-[multiline]:py-3 max-w-[var(--user-chat-width,70%)]\" data-multiline=\"\"><div class=\"whitespace-pre-wrap\">Bei Eeterij De Beleving in Noordwijk geht es um mehr als nur Essen gehen. Neben Mittagessen, Abendessen und Umtrunk organisieren wir regelm\u00e4\u00dfig Veranstaltungen und Specials: von Thementagen und Feiertagsmen\u00fcs bis hin zu Brunches und Aktivit\u00e4ten f\u00fcr Kinder. In einem warmen, stimmungsvollen Ambiente schaffen wir Momente zum gemeinsamen Genie\u00dfen \u2013 von saisonalen Abendessen und Weihnachts- oder Osterbrunches bis hin zu Shared-Menu-Abenden und einer Extra-Portion beleving f\u00fcr Kinder w\u00e4hrend der Ferien.  <\/div><\/div><\/div><\/div><\/div><\/div><\/div><\/article>\t\t\t\t\t\t\t\t<\/div>\n\t\t\t\t<\/div>\n\t\t\t\t\t<\/div>\n\t\t\t\t<\/div>\n\t\t<div class=\"elementor-element elementor-element-dadd27d e-flex e-con-boxed e-con e-parent\" data-id=\"dadd27d\" data-element_type=\"container\" data-e-type=\"container\">\n\t\t\t\t\t<div class=\"e-con-inner\">\n\t\t<div class=\"elementor-element elementor-element-5ed804e e-con-full e-flex e-con e-child\" data-id=\"5ed804e\" data-element_type=\"container\" data-e-type=\"container\">\n\t\t<div class=\"elementor-element elementor-element-a8a1973 e-con-full e-flex e-con e-child\" data-id=\"a8a1973\" data-element_type=\"container\" data-e-type=\"container\">\n\t\t\t\t<div class=\"elementor-element elementor-element-6336099 elementor-widget-divider--view-line_text elementor-widget-divider--element-align-center elementor-widget elementor-widget-divider\" data-id=\"6336099\" data-element_type=\"widget\" data-e-type=\"widget\" data-widget_type=\"divider.default\">\n\t\t\t\t<div class=\"elementor-widget-container\">\n\t\t\t\t\t\t\t<div class=\"elementor-divider\">\n\t\t\t<span class=\"elementor-divider-separator\">\n\t\t\t\t\t\t\t<span class=\"elementor-divider__text elementor-divider__element\">\n\t\t\t\tAnstehende Veranstaltungen\t\t\t\t<\/span>\n\t\t\t\t\t\t<\/span>\n\t\t<\/div>\n\t\t\t\t\t\t<\/div>\n\t\t\t\t<\/div>\n\t\t<div class=\"elementor-element elementor-element-4cf7b7f e-con-full e-flex e-con e-child\" data-id=\"4cf7b7f\" data-element_type=\"container\" data-e-type=\"container\">\n\t\t\t\t<div class=\"elementor-element elementor-element-f9e9f46 elementor-grid-1 elementor-grid-tablet-1 elementor-grid-mobile-1 elementor-widget elementor-widget-loop-grid\" data-id=\"f9e9f46\" data-element_type=\"widget\" data-e-type=\"widget\" data-settings=\"{&quot;template_id&quot;:12981,&quot;columns&quot;:1,&quot;columns_tablet&quot;:1,&quot;_skin&quot;:&quot;post&quot;,&quot;columns_mobile&quot;:&quot;1&quot;,&quot;edit_handle_selector&quot;:&quot;[data-elementor-type=\\&quot;loop-item\\&quot;]&quot;,&quot;row_gap&quot;:{&quot;unit&quot;:&quot;px&quot;,&quot;size&quot;:&quot;&quot;,&quot;sizes&quot;:[]},&quot;row_gap_tablet&quot;:{&quot;unit&quot;:&quot;px&quot;,&quot;size&quot;:&quot;&quot;,&quot;sizes&quot;:[]},&quot;row_gap_mobile&quot;:{&quot;unit&quot;:&quot;px&quot;,&quot;size&quot;:&quot;&quot;,&quot;sizes&quot;:[]}}\" data-widget_type=\"loop-grid.post\">\n\t\t\t\t<div class=\"elementor-widget-container\">\n\t\t\t\t\t\t\t<div class=\"e-loop-nothing-found-message\">\n\t\t<\/div>\n\t\t\t\t\t\t<\/div>\n\t\t\t\t<\/div>\n\t\t\t\t<\/div>\n\t\t\t\t<\/div>\n\t\t<div class=\"elementor-element elementor-element-12f78a1 e-con-full e-flex e-con e-child\" data-id=\"12f78a1\" data-element_type=\"container\" data-e-type=\"container\">\n\t\t\t\t<div class=\"elementor-element elementor-element-b71a1cf elementor-widget-divider--view-line_text elementor-widget-divider--element-align-center elementor-widget elementor-widget-divider\" data-id=\"b71a1cf\" data-element_type=\"widget\" data-e-type=\"widget\" data-widget_type=\"divider.default\">\n\t\t\t\t<div class=\"elementor-widget-container\">\n\t\t\t\t\t\t\t<div class=\"elementor-divider\">\n\t\t\t<span class=\"elementor-divider-separator\">\n\t\t\t\t\t\t\t<span class=\"elementor-divider__text elementor-divider__element\">\n\t\t\t\tVergangene Veranstaltungen\t\t\t\t<\/span>\n\t\t\t\t\t\t<\/span>\n\t\t<\/div>\n\t\t\t\t\t\t<\/div>\n\t\t\t\t<\/div>\n\t\t<div class=\"elementor-element elementor-element-c9f45bc e-con-full e-flex e-con e-child\" data-id=\"c9f45bc\" data-element_type=\"container\" data-e-type=\"container\">\n\t\t\t\t<div class=\"elementor-element elementor-element-d592744 elementor-widget__width-inherit elementor-widget elementor-widget-tecs_widget\" data-id=\"d592744\" data-element_type=\"widget\" data-e-type=\"widget\" data-widget_type=\"tecs_widget.default\">\n\t\t\t\t<div class=\"elementor-widget-container\">\n\t\t\t\t\t<div class=\"ecs-no-events\">Es sind keine anstehenden Veranstaltungen vorhanden.<\/div>\t\t\t\t<\/div>\n\t\t\t\t<\/div>\n\t\t\t\t<\/div>\n\t\t\t\t<\/div>\n\t\t\t\t<\/div>\n\t\t\t\t\t<\/div>\n\t\t\t\t<\/div>\n\t\t\t\t<\/div>\n\t\t","protected":false},"excerpt":{"rendered":"<p>Veranstaltungen &amp; Specials Bei Eeterij De Beleving in Noordwijk geht es um mehr als nur Essen gehen. Neben Mittagessen, Abendessen und Umtrunk organisieren wir regelm\u00e4\u00dfig Veranstaltungen und Specials: von Thementagen [&hellip;]<\/p>\n","protected":false},"author":1,"featured_media":0,"parent":0,"menu_order":0,"comment_status":"closed","ping_status":"closed","template":"","meta":{"footnotes":""},"class_list":["post-13027","page","type-page","status-publish","hentry"],"yoast_head":"<!-- This site is optimized with the Yoast SEO plugin v27.0 - https:\/\/yoast.com\/product\/yoast-seo-wordpress\/ -->\n<title>Veranstaltungen &amp; Specials | Eeterij De Beleving Noordwijk<\/title>\n<meta name=\"description\" content=\"Entdecke die Veranstaltungen bei Eeterij De Beleving in Noordwijk: Themenabende, Feiertags-Specials, Brunches und Familienaktivit\u00e4ten. Erlebe mehr als nur Essen mit einzigartigen Events f\u00fcr die ganze Familie.\" \/>\n<meta name=\"robots\" content=\"index, follow, max-snippet:-1, max-image-preview:large, max-video-preview:-1\" \/>\n<link rel=\"canonical\" href=\"https:\/\/eeterijdebeleving.nl\/de\/veranstaltungen\/\" \/>\n<meta property=\"og:locale\" content=\"de_DE\" \/>\n<meta property=\"og:type\" content=\"article\" \/>\n<meta property=\"og:title\" content=\"Veranstaltungen &amp; Specials | Eeterij De Beleving Noordwijk\" \/>\n<meta property=\"og:description\" content=\"Entdecke die Veranstaltungen bei Eeterij De Beleving in Noordwijk: Themenabende, Feiertags-Specials, Brunches und Familienaktivit\u00e4ten. Erlebe mehr als nur Essen mit einzigartigen Events f\u00fcr die ganze Familie.\" \/>\n<meta property=\"og:url\" content=\"https:\/\/eeterijdebeleving.nl\/de\/veranstaltungen\/\" \/>\n<meta property=\"og:site_name\" content=\"Eeterij de Beleving\" \/>\n<meta property=\"article:publisher\" content=\"https:\/\/www.facebook.com\/www.eeterijdebeleving.nl\" \/>\n<meta property=\"article:modified_time\" content=\"2026-04-12T12:10:13+00:00\" \/>\n<meta name=\"twitter:card\" content=\"summary_large_image\" \/>\n<meta name=\"twitter:label1\" content=\"Gesch\u00e4tzte Lesezeit\" \/>\n\t<meta name=\"twitter:data1\" content=\"1\u00a0Minute\" \/>\n<script type=\"application\/ld+json\" class=\"yoast-schema-graph\">{\"@context\":\"https:\/\/schema.org\",\"@graph\":[{\"@type\":\"WebPage\",\"@id\":\"https:\/\/eeterijdebeleving.nl\/de\/veranstaltungen\/\",\"url\":\"https:\/\/eeterijdebeleving.nl\/de\/veranstaltungen\/\",\"name\":\"Veranstaltungen & Specials | Eeterij De Beleving Noordwijk\",\"isPartOf\":{\"@id\":\"https:\/\/eeterijdebeleving.nl\/de\/#website\"},\"datePublished\":\"2026-02-19T20:46:00+00:00\",\"dateModified\":\"2026-04-12T12:10:13+00:00\",\"description\":\"Entdecke die Veranstaltungen bei Eeterij De Beleving in Noordwijk: Themenabende, Feiertags-Specials, Brunches und Familienaktivit\u00e4ten. Erlebe mehr als nur Essen mit einzigartigen Events f\u00fcr die ganze Familie.\",\"breadcrumb\":{\"@id\":\"https:\/\/eeterijdebeleving.nl\/de\/veranstaltungen\/#breadcrumb\"},\"inLanguage\":\"de\",\"potentialAction\":[{\"@type\":\"ReadAction\",\"target\":[\"https:\/\/eeterijdebeleving.nl\/de\/veranstaltungen\/\"]}]},{\"@type\":\"BreadcrumbList\",\"@id\":\"https:\/\/eeterijdebeleving.nl\/de\/veranstaltungen\/#breadcrumb\",\"itemListElement\":[{\"@type\":\"ListItem\",\"position\":1,\"name\":\"Home\",\"item\":\"https:\/\/eeterijdebeleving.nl\/de\/\"},{\"@type\":\"ListItem\",\"position\":2,\"name\":\"Veranstaltungen\"}]},{\"@type\":\"WebSite\",\"@id\":\"https:\/\/eeterijdebeleving.nl\/de\/#website\",\"url\":\"https:\/\/eeterijdebeleving.nl\/de\/\",\"name\":\"Eeterij de Beleving\",\"description\":\"Eeterij de Beleving - Restaurant\",\"publisher\":{\"@id\":\"https:\/\/eeterijdebeleving.nl\/de\/#organization\"},\"potentialAction\":[{\"@type\":\"SearchAction\",\"target\":{\"@type\":\"EntryPoint\",\"urlTemplate\":\"https:\/\/eeterijdebeleving.nl\/de\/?s={search_term_string}\"},\"query-input\":{\"@type\":\"PropertyValueSpecification\",\"valueRequired\":true,\"valueName\":\"search_term_string\"}}],\"inLanguage\":\"de\"},{\"@type\":\"Organization\",\"@id\":\"https:\/\/eeterijdebeleving.nl\/de\/#organization\",\"name\":\"Eeterij de Beleving\",\"url\":\"https:\/\/eeterijdebeleving.nl\/de\/\",\"logo\":{\"@type\":\"ImageObject\",\"inLanguage\":\"de\",\"@id\":\"https:\/\/eeterijdebeleving.nl\/de\/#\/schema\/logo\/image\/\",\"url\":\"https:\/\/eeterijdebeleving.nl\/wp-content\/uploads\/2024\/09\/Debeleving-Logo.svg\",\"contentUrl\":\"https:\/\/eeterijdebeleving.nl\/wp-content\/uploads\/2024\/09\/Debeleving-Logo.svg\",\"width\":244,\"height\":165,\"caption\":\"Eeterij de Beleving\"},\"image\":{\"@id\":\"https:\/\/eeterijdebeleving.nl\/de\/#\/schema\/logo\/image\/\"},\"sameAs\":[\"https:\/\/www.facebook.com\/www.eeterijdebeleving.nl\",\"https:\/\/www.instagram.com\/eeterijdebeleving\/\",\"https:\/\/www.tiktok.com\/@eeterij.de.beleving\"]}]}<\/script>\n<!-- \/ Yoast SEO plugin. -->","yoast_head_json":{"title":"Veranstaltungen & Specials | Eeterij De Beleving Noordwijk","description":"Entdecke die Veranstaltungen bei Eeterij De Beleving in Noordwijk: Themenabende, Feiertags-Specials, Brunches und Familienaktivit\u00e4ten. Erlebe mehr als nur Essen mit einzigartigen Events f\u00fcr die ganze Familie.","robots":{"index":"index","follow":"follow","max-snippet":"max-snippet:-1","max-image-preview":"max-image-preview:large","max-video-preview":"max-video-preview:-1"},"canonical":"https:\/\/eeterijdebeleving.nl\/de\/veranstaltungen\/","og_locale":"de_DE","og_type":"article","og_title":"Veranstaltungen & Specials | Eeterij De Beleving Noordwijk","og_description":"Entdecke die Veranstaltungen bei Eeterij De Beleving in Noordwijk: Themenabende, Feiertags-Specials, Brunches und Familienaktivit\u00e4ten. Erlebe mehr als nur Essen mit einzigartigen Events f\u00fcr die ganze Familie.","og_url":"https:\/\/eeterijdebeleving.nl\/de\/veranstaltungen\/","og_site_name":"Eeterij de Beleving","article_publisher":"https:\/\/www.facebook.com\/www.eeterijdebeleving.nl","article_modified_time":"2026-04-12T12:10:13+00:00","twitter_card":"summary_large_image","twitter_misc":{"Gesch\u00e4tzte Lesezeit":"1\u00a0Minute"},"schema":{"@context":"https:\/\/schema.org","@graph":[{"@type":"WebPage","@id":"https:\/\/eeterijdebeleving.nl\/de\/veranstaltungen\/","url":"https:\/\/eeterijdebeleving.nl\/de\/veranstaltungen\/","name":"Veranstaltungen & Specials | Eeterij De Beleving Noordwijk","isPartOf":{"@id":"https:\/\/eeterijdebeleving.nl\/de\/#website"},"datePublished":"2026-02-19T20:46:00+00:00","dateModified":"2026-04-12T12:10:13+00:00","description":"Entdecke die Veranstaltungen bei Eeterij De Beleving in Noordwijk: Themenabende, Feiertags-Specials, Brunches und Familienaktivit\u00e4ten. Erlebe mehr als nur Essen mit einzigartigen Events f\u00fcr die ganze Familie.","breadcrumb":{"@id":"https:\/\/eeterijdebeleving.nl\/de\/veranstaltungen\/#breadcrumb"},"inLanguage":"de","potentialAction":[{"@type":"ReadAction","target":["https:\/\/eeterijdebeleving.nl\/de\/veranstaltungen\/"]}]},{"@type":"BreadcrumbList","@id":"https:\/\/eeterijdebeleving.nl\/de\/veranstaltungen\/#breadcrumb","itemListElement":[{"@type":"ListItem","position":1,"name":"Home","item":"https:\/\/eeterijdebeleving.nl\/de\/"},{"@type":"ListItem","position":2,"name":"Veranstaltungen"}]},{"@type":"WebSite","@id":"https:\/\/eeterijdebeleving.nl\/de\/#website","url":"https:\/\/eeterijdebeleving.nl\/de\/","name":"Eeterij de Beleving","description":"Eeterij de Beleving - Restaurant","publisher":{"@id":"https:\/\/eeterijdebeleving.nl\/de\/#organization"},"potentialAction":[{"@type":"SearchAction","target":{"@type":"EntryPoint","urlTemplate":"https:\/\/eeterijdebeleving.nl\/de\/?s={search_term_string}"},"query-input":{"@type":"PropertyValueSpecification","valueRequired":true,"valueName":"search_term_string"}}],"inLanguage":"de"},{"@type":"Organization","@id":"https:\/\/eeterijdebeleving.nl\/de\/#organization","name":"Eeterij de Beleving","url":"https:\/\/eeterijdebeleving.nl\/de\/","logo":{"@type":"ImageObject","inLanguage":"de","@id":"https:\/\/eeterijdebeleving.nl\/de\/#\/schema\/logo\/image\/","url":"https:\/\/eeterijdebeleving.nl\/wp-content\/uploads\/2024\/09\/Debeleving-Logo.svg","contentUrl":"https:\/\/eeterijdebeleving.nl\/wp-content\/uploads\/2024\/09\/Debeleving-Logo.svg","width":244,"height":165,"caption":"Eeterij de Beleving"},"image":{"@id":"https:\/\/eeterijdebeleving.nl\/de\/#\/schema\/logo\/image\/"},"sameAs":["https:\/\/www.facebook.com\/www.eeterijdebeleving.nl","https:\/\/www.instagram.com\/eeterijdebeleving\/","https:\/\/www.tiktok.com\/@eeterij.de.beleving"]}]}},"_links":{"self":[{"href":"https:\/\/eeterijdebeleving.nl\/de\/wp-json\/wp\/v2\/pages\/13027","targetHints":{"allow":["GET"]}}],"collection":[{"href":"https:\/\/eeterijdebeleving.nl\/de\/wp-json\/wp\/v2\/pages"}],"about":[{"href":"https:\/\/eeterijdebeleving.nl\/de\/wp-json\/wp\/v2\/types\/page"}],"author":[{"embeddable":true,"href":"https:\/\/eeterijdebeleving.nl\/de\/wp-json\/wp\/v2\/users\/1"}],"replies":[{"embeddable":true,"href":"https:\/\/eeterijdebeleving.nl\/de\/wp-json\/wp\/v2\/comments?post=13027"}],"version-history":[{"count":3,"href":"https:\/\/eeterijdebeleving.nl\/de\/wp-json\/wp\/v2\/pages\/13027\/revisions"}],"predecessor-version":[{"id":13117,"href":"https:\/\/eeterijdebeleving.nl\/de\/wp-json\/wp\/v2\/pages\/13027\/revisions\/13117"}],"wp:attachment":[{"href":"https:\/\/eeterijdebeleving.nl\/de\/wp-json\/wp\/v2\/media?parent=13027"}],"curies":[{"name":"wp","href":"https:\/\/api.w.org\/{rel}","templated":true}]}}