{"id":4938,"date":"2024-09-28T09:23:13","date_gmt":"2024-09-28T09:23:13","guid":{"rendered":"https:\/\/eeterijdebeleving.nl\/ueber-uns\/"},"modified":"2025-12-18T18:26:09","modified_gmt":"2025-12-18T18:26:09","slug":"uber-uns","status":"publish","type":"page","link":"https:\/\/eeterijdebeleving.nl\/de\/uber-uns\/","title":{"rendered":"\u00dcber uns"},"content":{"rendered":"\t\t<div data-elementor-type=\"wp-page\" data-elementor-id=\"4938\" class=\"elementor elementor-4938 elementor-34\" data-elementor-post-type=\"page\">\n\t\t\t\t<div class=\"elementor-element elementor-element-2227803 e-flex e-con-boxed e-con e-parent\" data-id=\"2227803\" data-element_type=\"container\" data-e-type=\"container\" data-settings=\"{&quot;background_background&quot;:&quot;classic&quot;}\">\n\t\t\t\t\t<div class=\"e-con-inner\">\n\t\t\t\t<div class=\"elementor-element elementor-element-f7ba10d elementor-widget elementor-widget-heading\" data-id=\"f7ba10d\" data-element_type=\"widget\" data-e-type=\"widget\" data-widget_type=\"heading.default\">\n\t\t\t\t<div class=\"elementor-widget-container\">\n\t\t\t\t\t<h2 class=\"elementor-heading-title elementor-size-default\">Uber uns<\/h2>\t\t\t\t<\/div>\n\t\t\t\t<\/div>\n\t\t\t\t<div class=\"elementor-element elementor-element-03e1f39 elementor-widget__width-initial elementor-widget-tablet__width-inherit elementor-widget-mobile__width-inherit elementor-widget elementor-widget-text-editor\" data-id=\"03e1f39\" data-element_type=\"widget\" data-e-type=\"widget\" data-widget_type=\"text-editor.default\">\n\t\t\t\t<div class=\"elementor-widget-container\">\n\t\t\t\t\t\t\t\t\t<p>Willkommen bei Eeterij De Beleving &#8211; wo Geschmack, Atmosph\u00e4re und Gastfreundschaft zusammenkommen. Bei uns dreht sich alles um ein unvergessliches Essenserlebnis. Ob du f\u00fcr ein intimes Abendessen, ein gem\u00fctliches Mittagessen oder einen Drink mit Freunden kommst: Wir sind mit unserer Leidenschaft f\u00fcr gutes Essen und unserer Liebe zur Gastfreundschaft f\u00fcr dich da.  <\/p>\t\t\t\t\t\t\t\t<\/div>\n\t\t\t\t<\/div>\n\t\t\t\t\t<\/div>\n\t\t\t\t<\/div>\n\t\t<div class=\"elementor-element elementor-element-35bc20a e-flex e-con-boxed e-con e-child\" data-id=\"35bc20a\" data-element_type=\"container\" data-e-type=\"container\">\n\t\t\t\t\t<div class=\"e-con-inner\">\n\t\t<div class=\"elementor-element elementor-element-8e67080 e-con-full e-flex e-con e-child\" data-id=\"8e67080\" data-element_type=\"container\" data-e-type=\"container\" data-settings=\"{&quot;background_background&quot;:&quot;classic&quot;}\">\n\t\t\t\t<div class=\"elementor-element elementor-element-abbda36 elementor-widget elementor-widget-heading\" data-id=\"abbda36\" data-element_type=\"widget\" data-e-type=\"widget\" data-widget_type=\"heading.default\">\n\t\t\t\t<div class=\"elementor-widget-container\">\n\t\t\t\t\t<h2 class=\"elementor-heading-title elementor-size-default\">Unsere Geschichte<\/h2>\t\t\t\t<\/div>\n\t\t\t\t<\/div>\n\t\t\t\t<div class=\"elementor-element elementor-element-2210729 elementor-widget__width-initial elementor-widget elementor-widget-text-editor\" data-id=\"2210729\" data-element_type=\"widget\" data-e-type=\"widget\" data-widget_type=\"text-editor.default\">\n\t\t\t\t<div class=\"elementor-widget-container\">\n\t\t\t\t\t\t\t\t\t<p>Eeterij De Beleving begann als ein Traum von Anouk Pater. Ein Ort, an dem Essen, Gem\u00fctlichkeit und Atmosph\u00e4re zusammenkommen, um f\u00fcr jeden Gast, ob jung oder alt, ein einzigartiges Erlebnis zu schaffen. Mit ihrer Leidenschaft f\u00fcr das Kochen, die Gastfreundschaft und die Liebe zum Gastgewerbe hat sie Eeterij de Beleving \u00fcbernommen. Es sollte ein Ort werden, an dem man nicht nur isst, sondern auch genie\u00dft, entspannt und sch\u00f6ne Momente teilt.   <\/p>\t\t\t\t\t\t\t\t<\/div>\n\t\t\t\t<\/div>\n\t\t\t\t<div class=\"elementor-element elementor-element-7b99883 elementor-widget elementor-widget-heading\" data-id=\"7b99883\" data-element_type=\"widget\" data-e-type=\"widget\" data-widget_type=\"heading.default\">\n\t\t\t\t<div class=\"elementor-widget-container\">\n\t\t\t\t\t<h2 class=\"elementor-heading-title elementor-size-default\">Ein Platz f\u00fcr alle\n<\/h2>\t\t\t\t<\/div>\n\t\t\t\t<\/div>\n\t\t\t\t<div class=\"elementor-element elementor-element-f2b3a0f elementor-widget__width-initial elementor-widget elementor-widget-text-editor\" data-id=\"f2b3a0f\" data-element_type=\"widget\" data-e-type=\"widget\" data-widget_type=\"text-editor.default\">\n\t\t\t\t<div class=\"elementor-widget-container\">\n\t\t\t\t\t\t\t\t\t<p>Mit Eeterij de Beleving wollen wir einen Ort schaffen, an dem sich jeder willkommen f\u00fchlt. Deshalb haben wir unser Restaurant so gestaltet, dass es zu jeder Gelegenheit passt: von einem intimen Abendessen bis hin zu einem gem\u00fctlichen Abend mit der Familie oder Freunden. Unser Service ist bereit, dir einen unvergesslichen Abend zu bereiten, mit einem pers\u00f6nlichen und herzlichen Service, der sich anf\u00fchlt, als w\u00fcrdest du nach Hause kommen.  <\/p>\t\t\t\t\t\t\t\t<\/div>\n\t\t\t\t<\/div>\n\t\t\t\t<div class=\"elementor-element elementor-element-9cda1e0 elementor-widget elementor-widget-heading\" data-id=\"9cda1e0\" data-element_type=\"widget\" data-e-type=\"widget\" data-widget_type=\"heading.default\">\n\t\t\t\t<div class=\"elementor-widget-container\">\n\t\t\t\t\t<h2 class=\"elementor-heading-title elementor-size-default\">Zukunft\n<\/h2>\t\t\t\t<\/div>\n\t\t\t\t<\/div>\n\t\t\t\t<div class=\"elementor-element elementor-element-1e6d815 elementor-widget__width-initial elementor-widget elementor-widget-text-editor\" data-id=\"1e6d815\" data-element_type=\"widget\" data-e-type=\"widget\" data-widget_type=\"text-editor.default\">\n\t\t\t\t<div class=\"elementor-widget-container\">\n\t\t\t\t\t\t\t\t\t<p>Das Eatery The Experience ist ein Ort, der mit Liebe und Aufmerksamkeit aufgebaut wurde. Wir stellen uns immer wieder der Herausforderung, uns zu erneuern, zu verbessern und vor allem unseren G\u00e4sten eine tolle Zeit zu bieten. Wir freuen uns darauf, noch viele tolle Momente mit unseren G\u00e4sten zu teilen und immer wieder neue Erlebnisse zu schaffen.<\/p>\t\t\t\t\t\t\t\t<\/div>\n\t\t\t\t<\/div>\n\t\t\t\t<\/div>\n\t\t<div class=\"elementor-element elementor-element-813ab03 e-con-full e-flex e-con e-child\" data-id=\"813ab03\" data-element_type=\"container\" data-e-type=\"container\">\n\t\t<div class=\"elementor-element elementor-element-08cf7e9 e-con-full e-flex e-con e-child\" data-id=\"08cf7e9\" data-element_type=\"container\" data-e-type=\"container\" data-settings=\"{&quot;background_background&quot;:&quot;classic&quot;}\">\n\t\t\t\t<\/div>\n\t\t\t\t<\/div>\n\t\t\t\t\t<\/div>\n\t\t\t\t<\/div>\n\t\t<div class=\"elementor-element elementor-element-f5b557e e-flex e-con-boxed e-con e-child\" data-id=\"f5b557e\" data-element_type=\"container\" data-e-type=\"container\">\n\t\t\t\t\t<div class=\"e-con-inner\">\n\t\t<div class=\"elementor-element elementor-element-0234fba e-con-full e-flex e-con e-child\" data-id=\"0234fba\" data-element_type=\"container\" data-e-type=\"container\" data-settings=\"{&quot;background_background&quot;:&quot;classic&quot;}\">\n\t\t\t\t<div class=\"elementor-element elementor-element-1e43717 elementor-widget elementor-widget-heading\" data-id=\"1e43717\" data-element_type=\"widget\" data-e-type=\"widget\" data-widget_type=\"heading.default\">\n\t\t\t\t<div class=\"elementor-widget-container\">\n\t\t\t\t\t<h2 class=\"elementor-heading-title elementor-size-default\">Das ultimative Erlebnis  <\/h2>\t\t\t\t<\/div>\n\t\t\t\t<\/div>\n\t\t\t\t<div class=\"elementor-element elementor-element-0fbd94f elementor-widget__width-initial elementor-widget elementor-widget-text-editor\" data-id=\"0fbd94f\" data-element_type=\"widget\" data-e-type=\"widget\" data-widget_type=\"text-editor.default\">\n\t\t\t\t<div class=\"elementor-widget-container\">\n\t\t\t\t\t\t\t\t\t<p>Unsere K\u00f6che kreieren die leckersten Gerichte mit t\u00e4glich frischen Zutaten und \u00fcberraschenden Kombinationen. Die Speisekarte wechselt regelm\u00e4\u00dfig und ist auf die Saison abgestimmt, damit du jedes Mal etwas Neues erleben kannst. Von klassischen Favoriten bis hin zu modernen Gerichten wird alles mit Sorgfalt zubereitet und sch\u00f6n pr\u00e4sentiert.  <\/p><p>Wir legen auch Wert auf ein warmes und heimeliges Gef\u00fchl. Unser stimmungsvolles Interieur und unser freundliches Team sorgen daf\u00fcr, dass du dich immer willkommen f\u00fchlst. Ob du einen romantischen Tisch f\u00fcr zwei Personen oder einen Platz f\u00fcr eine gr\u00f6\u00dfere Gesellschaft w\u00e4hlst, wir bieten den perfekten Rahmen f\u00fcr jeden Anlass.  <\/p><p>Eeterij De Beleving ist mehr als nur ein Restaurant; es ist ein Ort, an dem Erinnerungen gemacht werden. Wir laden dich herzlich ein, die Gem\u00fctlichkeit, den Geschmack und das Erlebnis selbst zu erleben. Komm vorbei und lass dich \u00fcberraschen!  <\/p>\t\t\t\t\t\t\t\t<\/div>\n\t\t\t\t<\/div>\n\t\t\t\t<\/div>\n\t\t<div class=\"elementor-element elementor-element-2642c5c e-con-full e-flex e-con e-child\" data-id=\"2642c5c\" data-element_type=\"container\" data-e-type=\"container\">\n\t\t<div class=\"elementor-element elementor-element-6197647 e-con-full e-flex e-con e-child\" data-id=\"6197647\" data-element_type=\"container\" data-e-type=\"container\" data-settings=\"{&quot;background_background&quot;:&quot;classic&quot;}\">\n\t\t\t\t<\/div>\n\t\t\t\t<\/div>\n\t\t\t\t\t<\/div>\n\t\t\t\t<\/div>\n\t\t\t\t<\/div>\n\t\t","protected":false},"excerpt":{"rendered":"<p>Uber uns Willkommen bei Eeterij De Beleving &#8211; wo Geschmack, Atmosph\u00e4re und Gastfreundschaft zusammenkommen. Bei uns dreht sich alles um ein unvergessliches Essenserlebnis. Ob du f\u00fcr ein intimes Abendessen, ein [&hellip;]<\/p>\n","protected":false},"author":1,"featured_media":0,"parent":0,"menu_order":0,"comment_status":"closed","ping_status":"closed","template":"","meta":{"footnotes":""},"class_list":["post-4938","page","type-page","status-publish","hentry"],"yoast_head":"<!-- This site is optimized with the Yoast SEO plugin v27.0 - https:\/\/yoast.com\/product\/yoast-seo-wordpress\/ -->\n<title>\u00dcber uns | Die Geschichte von Eatery The Experience<\/title>\n<meta name=\"description\" content=\"Willkommen bei Eeterij De Beleving! Genie\u00dfe Geschmack, Atmosph\u00e4re und Gastfreundschaft beim Abendessen, Mittagessen oder bei einem Drink. Ein unvergessliches Essenserlebnis!\" \/>\n<meta name=\"robots\" content=\"index, follow, max-snippet:-1, max-image-preview:large, max-video-preview:-1\" \/>\n<link rel=\"canonical\" href=\"https:\/\/eeterijdebeleving.nl\/de\/uber-uns\/\" \/>\n<meta property=\"og:locale\" content=\"de_DE\" \/>\n<meta property=\"og:type\" content=\"article\" \/>\n<meta property=\"og:title\" content=\"\u00dcber uns | Die Geschichte von Eatery The Experience\" \/>\n<meta property=\"og:description\" content=\"Willkommen bei Eeterij De Beleving! Genie\u00dfe Geschmack, Atmosph\u00e4re und Gastfreundschaft beim Abendessen, Mittagessen oder bei einem Drink. Ein unvergessliches Essenserlebnis!\" \/>\n<meta property=\"og:url\" content=\"https:\/\/eeterijdebeleving.nl\/de\/uber-uns\/\" \/>\n<meta property=\"og:site_name\" content=\"Eeterij de Beleving\" \/>\n<meta property=\"article:publisher\" content=\"https:\/\/www.facebook.com\/www.eeterijdebeleving.nl\" \/>\n<meta property=\"article:modified_time\" content=\"2025-12-18T18:26:09+00:00\" \/>\n<meta name=\"twitter:card\" content=\"summary_large_image\" \/>\n<meta name=\"twitter:label1\" content=\"Gesch\u00e4tzte Lesezeit\" \/>\n\t<meta name=\"twitter:data1\" content=\"3\u00a0Minuten\" \/>\n<script type=\"application\/ld+json\" class=\"yoast-schema-graph\">{\"@context\":\"https:\/\/schema.org\",\"@graph\":[{\"@type\":\"WebPage\",\"@id\":\"https:\/\/eeterijdebeleving.nl\/de\/uber-uns\/\",\"url\":\"https:\/\/eeterijdebeleving.nl\/de\/uber-uns\/\",\"name\":\"\u00dcber uns | Die Geschichte von Eatery The Experience\",\"isPartOf\":{\"@id\":\"https:\/\/eeterijdebeleving.nl\/de\/#website\"},\"datePublished\":\"2024-09-28T09:23:13+00:00\",\"dateModified\":\"2025-12-18T18:26:09+00:00\",\"description\":\"Willkommen bei Eeterij De Beleving! Genie\u00dfe Geschmack, Atmosph\u00e4re und Gastfreundschaft beim Abendessen, Mittagessen oder bei einem Drink. Ein unvergessliches Essenserlebnis!\",\"breadcrumb\":{\"@id\":\"https:\/\/eeterijdebeleving.nl\/de\/uber-uns\/#breadcrumb\"},\"inLanguage\":\"de\",\"potentialAction\":[{\"@type\":\"ReadAction\",\"target\":[\"https:\/\/eeterijdebeleving.nl\/de\/uber-uns\/\"]}]},{\"@type\":\"BreadcrumbList\",\"@id\":\"https:\/\/eeterijdebeleving.nl\/de\/uber-uns\/#breadcrumb\",\"itemListElement\":[{\"@type\":\"ListItem\",\"position\":1,\"name\":\"Home\",\"item\":\"https:\/\/eeterijdebeleving.nl\/de\/\"},{\"@type\":\"ListItem\",\"position\":2,\"name\":\"\u00dcber uns\"}]},{\"@type\":\"WebSite\",\"@id\":\"https:\/\/eeterijdebeleving.nl\/de\/#website\",\"url\":\"https:\/\/eeterijdebeleving.nl\/de\/\",\"name\":\"Eeterij de Beleving\",\"description\":\"Eeterij de Beleving - Restaurant\",\"publisher\":{\"@id\":\"https:\/\/eeterijdebeleving.nl\/de\/#organization\"},\"potentialAction\":[{\"@type\":\"SearchAction\",\"target\":{\"@type\":\"EntryPoint\",\"urlTemplate\":\"https:\/\/eeterijdebeleving.nl\/de\/?s={search_term_string}\"},\"query-input\":{\"@type\":\"PropertyValueSpecification\",\"valueRequired\":true,\"valueName\":\"search_term_string\"}}],\"inLanguage\":\"de\"},{\"@type\":\"Organization\",\"@id\":\"https:\/\/eeterijdebeleving.nl\/de\/#organization\",\"name\":\"Eeterij de Beleving\",\"url\":\"https:\/\/eeterijdebeleving.nl\/de\/\",\"logo\":{\"@type\":\"ImageObject\",\"inLanguage\":\"de\",\"@id\":\"https:\/\/eeterijdebeleving.nl\/de\/#\/schema\/logo\/image\/\",\"url\":\"https:\/\/eeterijdebeleving.nl\/wp-content\/uploads\/2024\/09\/Debeleving-Logo.svg\",\"contentUrl\":\"https:\/\/eeterijdebeleving.nl\/wp-content\/uploads\/2024\/09\/Debeleving-Logo.svg\",\"width\":244,\"height\":165,\"caption\":\"Eeterij de Beleving\"},\"image\":{\"@id\":\"https:\/\/eeterijdebeleving.nl\/de\/#\/schema\/logo\/image\/\"},\"sameAs\":[\"https:\/\/www.facebook.com\/www.eeterijdebeleving.nl\",\"https:\/\/www.instagram.com\/eeterijdebeleving\/\",\"https:\/\/www.tiktok.com\/@eeterij.de.beleving\"]}]}<\/script>\n<!-- \/ Yoast SEO plugin. -->","yoast_head_json":{"title":"\u00dcber uns | Die Geschichte von Eatery The Experience","description":"Willkommen bei Eeterij De Beleving! Genie\u00dfe Geschmack, Atmosph\u00e4re und Gastfreundschaft beim Abendessen, Mittagessen oder bei einem Drink. Ein unvergessliches Essenserlebnis!","robots":{"index":"index","follow":"follow","max-snippet":"max-snippet:-1","max-image-preview":"max-image-preview:large","max-video-preview":"max-video-preview:-1"},"canonical":"https:\/\/eeterijdebeleving.nl\/de\/uber-uns\/","og_locale":"de_DE","og_type":"article","og_title":"\u00dcber uns | Die Geschichte von Eatery The Experience","og_description":"Willkommen bei Eeterij De Beleving! Genie\u00dfe Geschmack, Atmosph\u00e4re und Gastfreundschaft beim Abendessen, Mittagessen oder bei einem Drink. Ein unvergessliches Essenserlebnis!","og_url":"https:\/\/eeterijdebeleving.nl\/de\/uber-uns\/","og_site_name":"Eeterij de Beleving","article_publisher":"https:\/\/www.facebook.com\/www.eeterijdebeleving.nl","article_modified_time":"2025-12-18T18:26:09+00:00","twitter_card":"summary_large_image","twitter_misc":{"Gesch\u00e4tzte Lesezeit":"3\u00a0Minuten"},"schema":{"@context":"https:\/\/schema.org","@graph":[{"@type":"WebPage","@id":"https:\/\/eeterijdebeleving.nl\/de\/uber-uns\/","url":"https:\/\/eeterijdebeleving.nl\/de\/uber-uns\/","name":"\u00dcber uns | Die Geschichte von Eatery The Experience","isPartOf":{"@id":"https:\/\/eeterijdebeleving.nl\/de\/#website"},"datePublished":"2024-09-28T09:23:13+00:00","dateModified":"2025-12-18T18:26:09+00:00","description":"Willkommen bei Eeterij De Beleving! Genie\u00dfe Geschmack, Atmosph\u00e4re und Gastfreundschaft beim Abendessen, Mittagessen oder bei einem Drink. Ein unvergessliches Essenserlebnis!","breadcrumb":{"@id":"https:\/\/eeterijdebeleving.nl\/de\/uber-uns\/#breadcrumb"},"inLanguage":"de","potentialAction":[{"@type":"ReadAction","target":["https:\/\/eeterijdebeleving.nl\/de\/uber-uns\/"]}]},{"@type":"BreadcrumbList","@id":"https:\/\/eeterijdebeleving.nl\/de\/uber-uns\/#breadcrumb","itemListElement":[{"@type":"ListItem","position":1,"name":"Home","item":"https:\/\/eeterijdebeleving.nl\/de\/"},{"@type":"ListItem","position":2,"name":"\u00dcber uns"}]},{"@type":"WebSite","@id":"https:\/\/eeterijdebeleving.nl\/de\/#website","url":"https:\/\/eeterijdebeleving.nl\/de\/","name":"Eeterij de Beleving","description":"Eeterij de Beleving - Restaurant","publisher":{"@id":"https:\/\/eeterijdebeleving.nl\/de\/#organization"},"potentialAction":[{"@type":"SearchAction","target":{"@type":"EntryPoint","urlTemplate":"https:\/\/eeterijdebeleving.nl\/de\/?s={search_term_string}"},"query-input":{"@type":"PropertyValueSpecification","valueRequired":true,"valueName":"search_term_string"}}],"inLanguage":"de"},{"@type":"Organization","@id":"https:\/\/eeterijdebeleving.nl\/de\/#organization","name":"Eeterij de Beleving","url":"https:\/\/eeterijdebeleving.nl\/de\/","logo":{"@type":"ImageObject","inLanguage":"de","@id":"https:\/\/eeterijdebeleving.nl\/de\/#\/schema\/logo\/image\/","url":"https:\/\/eeterijdebeleving.nl\/wp-content\/uploads\/2024\/09\/Debeleving-Logo.svg","contentUrl":"https:\/\/eeterijdebeleving.nl\/wp-content\/uploads\/2024\/09\/Debeleving-Logo.svg","width":244,"height":165,"caption":"Eeterij de Beleving"},"image":{"@id":"https:\/\/eeterijdebeleving.nl\/de\/#\/schema\/logo\/image\/"},"sameAs":["https:\/\/www.facebook.com\/www.eeterijdebeleving.nl","https:\/\/www.instagram.com\/eeterijdebeleving\/","https:\/\/www.tiktok.com\/@eeterij.de.beleving"]}]}},"_links":{"self":[{"href":"https:\/\/eeterijdebeleving.nl\/de\/wp-json\/wp\/v2\/pages\/4938","targetHints":{"allow":["GET"]}}],"collection":[{"href":"https:\/\/eeterijdebeleving.nl\/de\/wp-json\/wp\/v2\/pages"}],"about":[{"href":"https:\/\/eeterijdebeleving.nl\/de\/wp-json\/wp\/v2\/types\/page"}],"author":[{"embeddable":true,"href":"https:\/\/eeterijdebeleving.nl\/de\/wp-json\/wp\/v2\/users\/1"}],"replies":[{"embeddable":true,"href":"https:\/\/eeterijdebeleving.nl\/de\/wp-json\/wp\/v2\/comments?post=4938"}],"version-history":[{"count":20,"href":"https:\/\/eeterijdebeleving.nl\/de\/wp-json\/wp\/v2\/pages\/4938\/revisions"}],"predecessor-version":[{"id":12269,"href":"https:\/\/eeterijdebeleving.nl\/de\/wp-json\/wp\/v2\/pages\/4938\/revisions\/12269"}],"wp:attachment":[{"href":"https:\/\/eeterijdebeleving.nl\/de\/wp-json\/wp\/v2\/media?parent=4938"}],"curies":[{"name":"wp","href":"https:\/\/api.w.org\/{rel}","templated":true}]}}