{"id":6671,"date":"2024-11-18T20:10:00","date_gmt":"2024-11-18T20:10:00","guid":{"rendered":"https:\/\/eeterijdebeleving.nl\/privacyvoorwaarden\/"},"modified":"2025-03-16T12:42:50","modified_gmt":"2025-03-16T12:42:50","slug":"privacyvoorwaarden","status":"publish","type":"page","link":"https:\/\/eeterijdebeleving.nl\/de\/privacyvoorwaarden\/","title":{"rendered":"Datenschutzbestimmungen"},"content":{"rendered":"\t\t<div data-elementor-type=\"wp-page\" data-elementor-id=\"6671\" class=\"elementor elementor-6671 elementor-6546\" data-elementor-post-type=\"page\">\n\t\t\t\t<div class=\"elementor-element elementor-element-776b435 e-flex e-con-boxed e-con e-parent\" data-id=\"776b435\" data-element_type=\"container\" data-e-type=\"container\">\n\t\t\t\t\t<div class=\"e-con-inner\">\n\t\t<div class=\"elementor-element elementor-element-68e28ee e-con-full e-flex e-con e-child\" data-id=\"68e28ee\" data-element_type=\"container\" data-e-type=\"container\" data-settings=\"{&quot;background_background&quot;:&quot;classic&quot;}\">\n\t\t\t\t<div class=\"elementor-element elementor-element-684fe62 elementor-widget elementor-widget-heading\" data-id=\"684fe62\" data-element_type=\"widget\" data-e-type=\"widget\" data-widget_type=\"heading.default\">\n\t\t\t\t<div class=\"elementor-widget-container\">\n\t\t\t\t\t<h1 class=\"elementor-heading-title elementor-size-default\">Datenschutzrichtlinie von Eeterij de Beleving<\/h1>\t\t\t\t<\/div>\n\t\t\t\t<\/div>\n\t\t\t\t<div class=\"elementor-element elementor-element-5eaa66b elementor-widget elementor-widget-text-editor\" data-id=\"5eaa66b\" data-element_type=\"widget\" data-e-type=\"widget\" data-widget_type=\"text-editor.default\">\n\t\t\t\t<div class=\"elementor-widget-container\">\n\t\t\t\t\t\t\t\t\t<p>Letzte Aktualisierung: 2024<\/p><p>Bei <strong>Eeterij de Beleving<\/strong> respektieren wir deine Privatsph\u00e4re und bem\u00fchen uns, deine pers\u00f6nlichen Daten mit Sorgfalt zu behandeln. In diesem Dokument erf\u00e4hrst du, welche Daten wir sammeln, warum wir sie sammeln und welche Rechte du hast. <\/p><hr><h3> <\/h3><h3><strong>1. Wer sind wir?<\/strong><\/h3><p><strong>Eeterij de Beleving: <\/strong><span class=\"notranslate\">Kraaierslaan 7, 2204 AN Noordwijk<\/span><\/p><p><strong>E-Mail<\/strong>: info@eeterijdebeleving.nl<\/p><p><strong>Telefon<\/strong>: (0252) 370 410<\/p><p>Wir sind f\u00fcr die Verarbeitung deiner personenbezogenen Daten verantwortlich.<\/p><p> <\/p><hr><h3> <\/h3><h3><strong>2. Welche Daten sammeln wir?<\/strong><\/h3><p>Wir sammeln die folgenden Daten:<\/p><h6><strong>F\u00fcr Reservierungen oder Bestellungen<\/strong><\/h6><ul><li>Name<\/li><li>E-Mail Adresse<\/li><li>Rufnummer<\/li><li>Di\u00e4tetische Anforderungen oder Kommentare<\/li><\/ul><h5><strong>Wenn du dich f\u00fcr unseren Newsletter anmeldest<\/strong><\/h5><ul><li>Name<\/li><li>E-Mail Adresse<\/li><\/ul><h4><strong>Automatisch \u00fcber unsere Website<\/strong><\/h4><ul><li>IP-Adresse<\/li><li>Besucherdaten (z. B. aufgerufene Seiten und Dauer deines Besuchs)<\/li><\/ul><p> <\/p><hr><h3> <\/h3><h3><strong>3. Warum sammeln wir deine Daten?<\/strong><\/h3><p>Wir verwenden deine Daten f\u00fcr:<\/p><ul><li>Bearbeitung von Reservierungen und Bestellungen.<\/li><li>Beantwortung von Fragen und Beschwerden.<\/li><li>Versand von Newslettern und Angeboten (nur mit Erlaubnis).<\/li><li>Verbesserung unserer Website und Dienstleistungen.<\/li><li>Erf\u00fcllung gesetzlicher Verpflichtungen (z. B. Buchhaltung).<\/li><\/ul><p> <\/p><hr><h3> <\/h3><h3><strong>4. Wie lange speichern wir deine Daten?<\/strong><\/h3><ul><li><strong>Reservierungsdaten<\/strong>: F\u00fcr 1 Jahr nach deinem Besuch.<\/li><li><strong>Newsletter-Daten<\/strong>: Bis du dich abmeldest.<\/li><li><strong>Finanzdaten<\/strong>: 7 Jahre (in \u00dcbereinstimmung mit den gesetzlichen Verpflichtungen).<\/li><\/ul><p> <\/p><hr><h3> <\/h3><h3><strong>5. Mit wem teilen wir deine Daten?<\/strong><\/h3><p>Wir teilen deine Daten nur mit:<\/p><ul><li>Dienstleister, wie z.B. Reservierungssysteme oder Newsletter-Plattformen.<\/li><li>Regierungsbeh\u00f6rden, wenn dies gesetzlich vorgeschrieben ist.<\/li><\/ul><p>Wir haben mit diesen Parteien Prozessorvereinbarungen getroffen, um deine Daten sicher zu halten.<\/p><p> <\/p><hr><h3> <\/h3><h3><strong>6. Deine Rechte<\/strong><\/h3><p>Du hast das Recht auf:<\/p><ul><li><strong>Einsicht<\/strong>: Schau, welche Daten wir \u00fcber dich haben.<\/li><li><strong>Berichtigung<\/strong>: Falsche Daten anpassen.<\/li><li><strong>L\u00f6schung<\/strong>: Lass deine Daten l\u00f6schen (au\u00dfer wir m\u00fcssen sie behalten).<\/li><li><strong>Widerspruch<\/strong>: Widerspreche der Nutzung deiner Daten.<\/li><li><strong>\u00dcbertragung<\/strong>: Erhalte deine Daten in einem strukturierten Format.<\/li><\/ul><p>Kontaktiere <a rel=\"noopener\">info@eeterijdebeleving.nl<\/a>, um deine Rechte wahrzunehmen.<\/p><p> <\/p><hr><h3> <\/h3><h3><strong>7. Sicherheit deiner Daten<\/strong><\/h3><p>Wir verwenden Sicherheitsma\u00dfnahmen wie Verschl\u00fcsselung und sichere Speicherung, um deine Daten zu sch\u00fctzen.<\/p><p> <\/p><hr><h3> <\/h3><h3><strong>8. Kontakt<\/strong><\/h3><p>Hast du Fragen oder Beschwerden zu unserer Datenschutzrichtlinie? Bitte kontaktiere uns unter: <\/p><p><br><span style=\"text-decoration: underline;\"><a href=\"https:\/\/eeterijdebeleving.nl\/de\/contact\/\"><b>kontakt<\/b><\/a><\/span><\/p>\t\t\t\t\t\t\t\t<\/div>\n\t\t\t\t<\/div>\n\t\t\t\t<\/div>\n\t\t\t\t\t<\/div>\n\t\t\t\t<\/div>\n\t\t\t\t<\/div>\n\t\t","protected":false},"excerpt":{"rendered":"<p>Datenschutzrichtlinie von Eeterij de Beleving Letzte Aktualisierung: 2024 Bei Eeterij de Beleving respektieren wir deine Privatsph\u00e4re und bem\u00fchen uns, deine pers\u00f6nlichen Daten mit Sorgfalt zu behandeln. In diesem Dokument erf\u00e4hrst [&hellip;]<\/p>\n","protected":false},"author":1,"featured_media":0,"parent":0,"menu_order":0,"comment_status":"closed","ping_status":"closed","template":"","meta":{"footnotes":""},"class_list":["post-6671","page","type-page","status-publish","hentry"],"yoast_head":"<!-- This site is optimized with the Yoast SEO plugin v27.0 - https:\/\/yoast.com\/product\/yoast-seo-wordpress\/ -->\n<title>Datenschutzrichtlinie | Wie wir deine Daten sch\u00fctzen<\/title>\n<meta name=\"description\" content=\"Bei Eeterij De Beleving respektieren wir deine Privatsph\u00e4re. Bitte lies unsere Datenschutz- und Cookie-Richtlinien, um zu verstehen, welche Daten wir sammeln und wie wir sie verwenden.\" \/>\n<meta name=\"robots\" content=\"index, follow, max-snippet:-1, max-image-preview:large, max-video-preview:-1\" \/>\n<link rel=\"canonical\" href=\"https:\/\/eeterijdebeleving.nl\/de\/privacyvoorwaarden\/\" \/>\n<meta property=\"og:locale\" content=\"de_DE\" \/>\n<meta property=\"og:type\" content=\"article\" \/>\n<meta property=\"og:title\" content=\"Datenschutzrichtlinie | Wie wir deine Daten sch\u00fctzen\" \/>\n<meta property=\"og:description\" content=\"Bei Eeterij De Beleving respektieren wir deine Privatsph\u00e4re. Bitte lies unsere Datenschutz- und Cookie-Richtlinien, um zu verstehen, welche Daten wir sammeln und wie wir sie verwenden.\" \/>\n<meta property=\"og:url\" content=\"https:\/\/eeterijdebeleving.nl\/de\/privacyvoorwaarden\/\" \/>\n<meta property=\"og:site_name\" content=\"Eeterij de Beleving\" \/>\n<meta property=\"article:publisher\" content=\"https:\/\/www.facebook.com\/www.eeterijdebeleving.nl\" \/>\n<meta property=\"article:modified_time\" content=\"2025-03-16T12:42:50+00:00\" \/>\n<meta name=\"twitter:card\" content=\"summary_large_image\" \/>\n<meta name=\"twitter:label1\" content=\"Gesch\u00e4tzte Lesezeit\" \/>\n\t<meta name=\"twitter:data1\" content=\"2\u00a0Minuten\" \/>\n<script type=\"application\/ld+json\" class=\"yoast-schema-graph\">{\"@context\":\"https:\/\/schema.org\",\"@graph\":[{\"@type\":\"WebPage\",\"@id\":\"https:\/\/eeterijdebeleving.nl\/de\/privacyvoorwaarden\/\",\"url\":\"https:\/\/eeterijdebeleving.nl\/de\/privacyvoorwaarden\/\",\"name\":\"Datenschutzrichtlinie | Wie wir deine Daten sch\u00fctzen\",\"isPartOf\":{\"@id\":\"https:\/\/eeterijdebeleving.nl\/de\/#website\"},\"datePublished\":\"2024-11-18T20:10:00+00:00\",\"dateModified\":\"2025-03-16T12:42:50+00:00\",\"description\":\"Bei Eeterij De Beleving respektieren wir deine Privatsph\u00e4re. Bitte lies unsere Datenschutz- und Cookie-Richtlinien, um zu verstehen, welche Daten wir sammeln und wie wir sie verwenden.\",\"breadcrumb\":{\"@id\":\"https:\/\/eeterijdebeleving.nl\/de\/privacyvoorwaarden\/#breadcrumb\"},\"inLanguage\":\"de\",\"potentialAction\":[{\"@type\":\"ReadAction\",\"target\":[\"https:\/\/eeterijdebeleving.nl\/de\/privacyvoorwaarden\/\"]}]},{\"@type\":\"BreadcrumbList\",\"@id\":\"https:\/\/eeterijdebeleving.nl\/de\/privacyvoorwaarden\/#breadcrumb\",\"itemListElement\":[{\"@type\":\"ListItem\",\"position\":1,\"name\":\"Home\",\"item\":\"https:\/\/eeterijdebeleving.nl\/de\/\"},{\"@type\":\"ListItem\",\"position\":2,\"name\":\"Datenschutzbestimmungen\"}]},{\"@type\":\"WebSite\",\"@id\":\"https:\/\/eeterijdebeleving.nl\/de\/#website\",\"url\":\"https:\/\/eeterijdebeleving.nl\/de\/\",\"name\":\"Eeterij de Beleving\",\"description\":\"Eeterij de Beleving - Restaurant\",\"publisher\":{\"@id\":\"https:\/\/eeterijdebeleving.nl\/de\/#organization\"},\"potentialAction\":[{\"@type\":\"SearchAction\",\"target\":{\"@type\":\"EntryPoint\",\"urlTemplate\":\"https:\/\/eeterijdebeleving.nl\/de\/?s={search_term_string}\"},\"query-input\":{\"@type\":\"PropertyValueSpecification\",\"valueRequired\":true,\"valueName\":\"search_term_string\"}}],\"inLanguage\":\"de\"},{\"@type\":\"Organization\",\"@id\":\"https:\/\/eeterijdebeleving.nl\/de\/#organization\",\"name\":\"Eeterij de Beleving\",\"url\":\"https:\/\/eeterijdebeleving.nl\/de\/\",\"logo\":{\"@type\":\"ImageObject\",\"inLanguage\":\"de\",\"@id\":\"https:\/\/eeterijdebeleving.nl\/de\/#\/schema\/logo\/image\/\",\"url\":\"https:\/\/eeterijdebeleving.nl\/wp-content\/uploads\/2024\/09\/Debeleving-Logo.svg\",\"contentUrl\":\"https:\/\/eeterijdebeleving.nl\/wp-content\/uploads\/2024\/09\/Debeleving-Logo.svg\",\"width\":244,\"height\":165,\"caption\":\"Eeterij de Beleving\"},\"image\":{\"@id\":\"https:\/\/eeterijdebeleving.nl\/de\/#\/schema\/logo\/image\/\"},\"sameAs\":[\"https:\/\/www.facebook.com\/www.eeterijdebeleving.nl\",\"https:\/\/www.instagram.com\/eeterijdebeleving\/\",\"https:\/\/www.tiktok.com\/@eeterij.de.beleving\"]}]}<\/script>\n<!-- \/ Yoast SEO plugin. -->","yoast_head_json":{"title":"Datenschutzrichtlinie | Wie wir deine Daten sch\u00fctzen","description":"Bei Eeterij De Beleving respektieren wir deine Privatsph\u00e4re. Bitte lies unsere Datenschutz- und Cookie-Richtlinien, um zu verstehen, welche Daten wir sammeln und wie wir sie verwenden.","robots":{"index":"index","follow":"follow","max-snippet":"max-snippet:-1","max-image-preview":"max-image-preview:large","max-video-preview":"max-video-preview:-1"},"canonical":"https:\/\/eeterijdebeleving.nl\/de\/privacyvoorwaarden\/","og_locale":"de_DE","og_type":"article","og_title":"Datenschutzrichtlinie | Wie wir deine Daten sch\u00fctzen","og_description":"Bei Eeterij De Beleving respektieren wir deine Privatsph\u00e4re. Bitte lies unsere Datenschutz- und Cookie-Richtlinien, um zu verstehen, welche Daten wir sammeln und wie wir sie verwenden.","og_url":"https:\/\/eeterijdebeleving.nl\/de\/privacyvoorwaarden\/","og_site_name":"Eeterij de Beleving","article_publisher":"https:\/\/www.facebook.com\/www.eeterijdebeleving.nl","article_modified_time":"2025-03-16T12:42:50+00:00","twitter_card":"summary_large_image","twitter_misc":{"Gesch\u00e4tzte Lesezeit":"2\u00a0Minuten"},"schema":{"@context":"https:\/\/schema.org","@graph":[{"@type":"WebPage","@id":"https:\/\/eeterijdebeleving.nl\/de\/privacyvoorwaarden\/","url":"https:\/\/eeterijdebeleving.nl\/de\/privacyvoorwaarden\/","name":"Datenschutzrichtlinie | Wie wir deine Daten sch\u00fctzen","isPartOf":{"@id":"https:\/\/eeterijdebeleving.nl\/de\/#website"},"datePublished":"2024-11-18T20:10:00+00:00","dateModified":"2025-03-16T12:42:50+00:00","description":"Bei Eeterij De Beleving respektieren wir deine Privatsph\u00e4re. Bitte lies unsere Datenschutz- und Cookie-Richtlinien, um zu verstehen, welche Daten wir sammeln und wie wir sie verwenden.","breadcrumb":{"@id":"https:\/\/eeterijdebeleving.nl\/de\/privacyvoorwaarden\/#breadcrumb"},"inLanguage":"de","potentialAction":[{"@type":"ReadAction","target":["https:\/\/eeterijdebeleving.nl\/de\/privacyvoorwaarden\/"]}]},{"@type":"BreadcrumbList","@id":"https:\/\/eeterijdebeleving.nl\/de\/privacyvoorwaarden\/#breadcrumb","itemListElement":[{"@type":"ListItem","position":1,"name":"Home","item":"https:\/\/eeterijdebeleving.nl\/de\/"},{"@type":"ListItem","position":2,"name":"Datenschutzbestimmungen"}]},{"@type":"WebSite","@id":"https:\/\/eeterijdebeleving.nl\/de\/#website","url":"https:\/\/eeterijdebeleving.nl\/de\/","name":"Eeterij de Beleving","description":"Eeterij de Beleving - Restaurant","publisher":{"@id":"https:\/\/eeterijdebeleving.nl\/de\/#organization"},"potentialAction":[{"@type":"SearchAction","target":{"@type":"EntryPoint","urlTemplate":"https:\/\/eeterijdebeleving.nl\/de\/?s={search_term_string}"},"query-input":{"@type":"PropertyValueSpecification","valueRequired":true,"valueName":"search_term_string"}}],"inLanguage":"de"},{"@type":"Organization","@id":"https:\/\/eeterijdebeleving.nl\/de\/#organization","name":"Eeterij de Beleving","url":"https:\/\/eeterijdebeleving.nl\/de\/","logo":{"@type":"ImageObject","inLanguage":"de","@id":"https:\/\/eeterijdebeleving.nl\/de\/#\/schema\/logo\/image\/","url":"https:\/\/eeterijdebeleving.nl\/wp-content\/uploads\/2024\/09\/Debeleving-Logo.svg","contentUrl":"https:\/\/eeterijdebeleving.nl\/wp-content\/uploads\/2024\/09\/Debeleving-Logo.svg","width":244,"height":165,"caption":"Eeterij de Beleving"},"image":{"@id":"https:\/\/eeterijdebeleving.nl\/de\/#\/schema\/logo\/image\/"},"sameAs":["https:\/\/www.facebook.com\/www.eeterijdebeleving.nl","https:\/\/www.instagram.com\/eeterijdebeleving\/","https:\/\/www.tiktok.com\/@eeterij.de.beleving"]}]}},"_links":{"self":[{"href":"https:\/\/eeterijdebeleving.nl\/de\/wp-json\/wp\/v2\/pages\/6671","targetHints":{"allow":["GET"]}}],"collection":[{"href":"https:\/\/eeterijdebeleving.nl\/de\/wp-json\/wp\/v2\/pages"}],"about":[{"href":"https:\/\/eeterijdebeleving.nl\/de\/wp-json\/wp\/v2\/types\/page"}],"author":[{"embeddable":true,"href":"https:\/\/eeterijdebeleving.nl\/de\/wp-json\/wp\/v2\/users\/1"}],"replies":[{"embeddable":true,"href":"https:\/\/eeterijdebeleving.nl\/de\/wp-json\/wp\/v2\/comments?post=6671"}],"version-history":[{"count":3,"href":"https:\/\/eeterijdebeleving.nl\/de\/wp-json\/wp\/v2\/pages\/6671\/revisions"}],"predecessor-version":[{"id":10758,"href":"https:\/\/eeterijdebeleving.nl\/de\/wp-json\/wp\/v2\/pages\/6671\/revisions\/10758"}],"wp:attachment":[{"href":"https:\/\/eeterijdebeleving.nl\/de\/wp-json\/wp\/v2\/media?parent=6671"}],"curies":[{"name":"wp","href":"https:\/\/api.w.org\/{rel}","templated":true}]}}